{"id":35,"date":"2013-11-11T12:19:58","date_gmt":"2013-11-11T11:19:58","guid":{"rendered":"http:\/\/www.tv-trais-horloff.de\/?page_id=35"},"modified":"2014-02-19T06:43:59","modified_gmt":"2014-02-19T05:43:59","slug":"babalous","status":"publish","type":"page","link":"https:\/\/www.tv-trais-horloff.de\/?page_id=35","title":{"rendered":"Babalous"},"content":{"rendered":"<p>Die Tanzgruppe \u201eBabalous\u201c entstand aus der Gymnastikgruppe, die Kerstin Thei\u00df-Haaf im Jahre 1988 von Heidrun Hublitz \u00fcbernahm.<\/p>\n<p>Anl\u00e4sslich der Kirmes im Jahr 1991 tanzte man zum ersten Mal unter der Regie von Pia Feuerbach-Erb.<\/p>\n<p>Bis 1997 wurde in der Zeit von Oktober bis zur folgenden Faschingsveranstaltung jeweils ein Showtanz einstudiert, welcher bei dieser \u201eur-aufgef\u00fchrt\u201c wurde. In den verbleibenden Monaten machte man (\u201efrau\u201c) Gymnastik.<\/p>\n<p>1997 \u00fcbergab Kerstin Thei\u00df-Haaf die Leitung der Gymnastikgruppe an Karin Kr\u00f6ll.<\/p>\n<p>Nachfolgend wurde aus der \u201eShowtanzgruppe Gymnastik\u201c unter der Leitung von Pia Feuerbach-Erb die Tanzgruppe \u201eBabalous\u201c.<\/p>\n<p>Auch au\u00dferhalb der \u00dcbungsstunden hat die Gruppe viele gemeinsame, gesellige Veranstaltungen arrangiert. So sind der j\u00e4hrliche Tagesausflug, die eigene Weihnachtsfeier \u00a0sowie diverse Grillabende ein absolutes \u201eMuss\u201c und werden von allen gerne besucht.<\/p>\n<p>Neben dem Tanz bei der eigenen Faschingsveranstaltung erfolgten weitere Auftritte bei der Hungener Weiberfastnacht sowie in Bettenhausen. Getanzt wird gelegentlich auch bei Vereinsfeierlichkeiten und verschiedenen privaten Feiern und Jubil\u00e4en.<\/p>\n<p>Im Jahre 2002 feierten die \u201cBabalous\u201c ihr 11-j\u00e4hriges Bestehen mit einem \u201eHerbstfest\u201c in der Mehrzweckhalle Trais-Horloff. Viele Tanzgruppen aus dem Raum Gie\u00dfen trugen durch ihre Showtanz-Einlagen zu einem gelungenen Jubil\u00e4umsfest bei.<\/p>\n<p>Zu den \u201eBabalous\u201c geh\u00f6ren:<\/p>\n<p>Sabine Betzl, Karin Denfeld, B\u00e4rbel Erb, Michaela Fay, Pia Feuerbach-Erb, Yvonne Fischer-Rivaletto, Anja Heimg\u00e4rtner, Beate Hofmann, Sandra Hublitz, Christina J\u00e4nicke, Gabi Kertels, Beate Lind, Bettina Meidt-Rusche, Simone Niesner, Anke Raab, Doris Rusche, Steffi Schmidt, Lolita Schindler, Kerstin Thei\u00df-Haaf, Ulrike Walter, Maraike Weber und Bettina Weisel.<\/p>\n","protected":false},"excerpt":{"rendered":"<p>Die Tanzgruppe \u201eBabalous\u201c entstand aus der Gymnastikgruppe, die Kerstin Thei\u00df-Haaf im Jahre 1988 von Heidrun Hublitz \u00fcbernahm. Anl\u00e4sslich der Kirmes im Jahr 1991 tanzte man zum ersten Mal unter der Regie von Pia Feuerbach-Erb. Bis 1997 wurde in der Zeit von Oktober bis zur folgenden Faschingsveranstaltung jeweils ein Showtanz einstudiert, welcher bei dieser \u201eur-aufgef\u00fchrt\u201c wurde. [&hellip;]<\/p>\n","protected":false},"author":1,"featured_media":0,"parent":10,"menu_order":0,"comment_status":"closed","ping_status":"closed","template":"","meta":{"ngg_post_thumbnail":0,"footnotes":""},"class_list":["post-35","page","type-page","status-publish","hentry"],"_links":{"self":[{"href":"https:\/\/www.tv-trais-horloff.de\/index.php?rest_route=\/wp\/v2\/pages\/35","targetHints":{"allow":["GET"]}}],"collection":[{"href":"https:\/\/www.tv-trais-horloff.de\/index.php?rest_route=\/wp\/v2\/pages"}],"about":[{"href":"https:\/\/www.tv-trais-horloff.de\/index.php?rest_route=\/wp\/v2\/types\/page"}],"author":[{"embeddable":true,"href":"https:\/\/www.tv-trais-horloff.de\/index.php?rest_route=\/wp\/v2\/users\/1"}],"replies":[{"embeddable":true,"href":"https:\/\/www.tv-trais-horloff.de\/index.php?rest_route=%2Fwp%2Fv2%2Fcomments&post=35"}],"version-history":[{"count":2,"href":"https:\/\/www.tv-trais-horloff.de\/index.php?rest_route=\/wp\/v2\/pages\/35\/revisions"}],"predecessor-version":[{"id":67,"href":"https:\/\/www.tv-trais-horloff.de\/index.php?rest_route=\/wp\/v2\/pages\/35\/revisions\/67"}],"up":[{"embeddable":true,"href":"https:\/\/www.tv-trais-horloff.de\/index.php?rest_route=\/wp\/v2\/pages\/10"}],"wp:attachment":[{"href":"https:\/\/www.tv-trais-horloff.de\/index.php?rest_route=%2Fwp%2Fv2%2Fmedia&parent=35"}],"curies":[{"name":"wp","href":"https:\/\/api.w.org\/{rel}","templated":true}]}}