{"id":48,"date":"2013-11-11T12:30:36","date_gmt":"2013-11-11T11:30:36","guid":{"rendered":"http:\/\/www.tv-trais-horloff.de\/?page_id=48"},"modified":"2014-02-19T06:46:23","modified_gmt":"2014-02-19T05:46:23","slug":"beach-soccer","status":"publish","type":"page","link":"https:\/\/www.tv-trais-horloff.de\/?page_id=48","title":{"rendered":"Beach-Soccer"},"content":{"rendered":"<p>Um dem TV 1912 Trais-Horloff neue Impulse zu verleihen und um f\u00fcr die Mitglieder und die Bev\u00f6lkerung als Verein weiterhin attraktiv zu bleiben, waren zu Begin des neuen Jahrhunderts innovative Ideen gefragt. Es war der damalige Pr\u00e4sidiumssprecher Michael Kertels, der nach anf\u00e4nglicher Skepsis seiner Vorstandsmitglieder \u00a0im Jahr 2003 ein Team \u00fcberzeugen konnte, seine \u201eVision\u201c eines Beachsoccer-Platzes umzusetzen. Mit gro\u00dfem Aufwand wurden Tonnen von Erde und Sand bewegt und das anfangs bel\u00e4chelte Projekt wurde das Top-Event der n\u00e4chsten Jahre.<\/p>\n<p>Das Konzept des Beachsoccer-Turnieres begr\u00fcndet sich darauf, am Samstag eingeladene Spa\u00df- und Hobbykicker gegeneinander antreten zu lassen, das entsprechende Catering anzubieten und am Abend, nach der Siegerehrung, bei Livemusik eine gemeinsame Beachsoccer-Party zu feiern.<\/p>\n<p>Dazu entwickelten wir die Idee, auch ein Fest f\u00fcr den ganzen Ort zu integrieren. So entstand der sonnt\u00e4gliche Dorftag am Beachplatz. Beginnend mit einem Gottesdienst am Sonntagvormittag \u00a0wird die Dorfbev\u00f6lkerung eingeladen, sich entweder in Spa\u00df-Mannschaften sportlich zu beteiligen oder nach dem Gottesdienst, beginnend mit ein paar Runden Freibier, unserem Turnier beizuwohnen. Es hat immer wieder einen hohen Spa\u00dffaktor, wenn Jung gegen Alt, M\u00e4nnlein mit oder gegen Weiblein, Fu\u00dfballer, Sportler oder Nichtsportler versuchen, auf dem Sand das Leder zu treffen. Die Kleinsten k\u00f6nnen sich bei einem Einlagespiel auf Sand erproben und werden hinterher mit Medaillen oder S\u00fc\u00dfigkeiten belohnt.<\/p>\n<p>Seit dem Bau unseres Beachsoccer-Platzes findet nun j\u00e4hrlich das Beach-Soccer-Wochenende statt. Nach der gro\u00dfen Euphorie im ersten Jahr des Turniers, richteten wir im Jahre 2003 sogar zwei Turniere aus. Das \u201eNormale\u201c Turnier und ein zus\u00e4tzliches \u00a0AH-Beachsoccer-Turnier. Eine zweimalige Ausrichtung unterlie\u00dfen wir in den Folgejahren, da der Aufwand einfach zu hoch und das Finden von Mannschaften doch nicht so einfach waren.<\/p>\n<p>Der Organisationsablauf f\u00fcr das j\u00e4hrlich stattfindende Beachsoccer-Wochenende beginnt mit der Terminfindung.<\/p>\n<p>Hier waren wir in den Anfangsjahren ziemlich flexibel. Dies bedeutete, dass wir unseren Termin mehrfach \u00e4nderten, um Termin\u00fcberschneidungen mit anderen Veranstaltungen zu vermeiden. Die Erfahrungen lehrten uns allerdings, einen Termin au\u00dferhalb der Sommerferien, aber im Zeitraum der Spielpause der Fu\u00dfballrunden zu w\u00e4hlen. Viele Beachsoccer-Mannschaften haben Spieler, die im regul\u00e4ren Fu\u00dfballbetrieb aktiv sind.<\/p>\n<p>Seit Beginn des Beachsoccer-Events haben wir immer wieder Neuerungen durchgef\u00fchrt. So bewarben wir uns bei der Aktion \u201eJ\u00e4germeister-Torwandschie\u00dfen\u201c, welches dann innerhalb unseres Beachsoccer-Wochenendes bei uns stattfand. Verschiedene Live-Bands traten auf, ein Spielerplanschbecken wurde installiert und Verschiedenes mehr.<\/p>\n<p>In den Anfangsjahren begn\u00fcgten wir uns mit dem Zelt von Bruno Krieger und dem Zelt der Trais-Horloffer \u201eGrenzg\u00e4nger\u201c. Dann stellten wir aber fest, dass ein \u201erichtiges Zelt\u201c doch viele Vorteile bringt. Seitdem wird ein Festzelt mit B\u00fchne ausgeliehen, und somit ist der Mittwoch vor \u201eBeachsoccer\u201c der Zeltaufbautermin \u2013 fast wie in alten Seefesttagen. Auch den Platz f\u00fcr Zelt, Turnierleitung und Verk\u00f6stigung haben wir ver\u00e4ndert. Bei den ersten Turnieren stellten wir Zelte, Turnierleitung und Ausschank auf das Gel\u00e4nde direkt hinter die Grillh\u00fctte. 2006 sind wir auf die anderes Seite des Beachplatzes \u201eumgezogen\u201c, dabei stellten wir gemeinschaftlich fest, dass diese Seite das Gesamtambiente hebt\u00a0 und mehr Vorteile bietet.<\/p>\n<p>So hat sich nun folgender j\u00e4hrlicher Ablauf etabliert:<\/p>\n<p>In einem Treffen der Beachsoccer-Freunde werden Ideen und Neuerungen diskutiert und der Termin festgelegt. Danach werden die Daten auf unserer Vereinshomepage ver\u00f6ffentlicht und die Einladungen an die Mannschaften und neue Interessenten gesandt. Die \u201eBeachsoccer-To-Do-Liste\u201c wird aktualisiert und darin Zust\u00e4ndigkeiten und Fristen dokumentiert. Somit verf\u00fcgen wir \u00fcber einen \u201eroten Faden\u201c f\u00fcr die komplette Organisation.<\/p>\n<p>Dem entsprechend werden die Vorbereitungspunkte chronologisch abgearbeitet. Firma Seliger, Brauerei, Zeltverleih, Stadt Hungen sind nur einige wesentliche Unterst\u00fctzer bzw. Lieferanten, mit denen verschiedene Dinge abgekl\u00e4rt werden m\u00fcssen. Die \u201ehei\u00dfe Phase\u201c beginnt in der Woche vor dem Turnierstart. Zuerst wird das Gel\u00e4nde rund um den Platz gem\u00e4ht und ges\u00e4ubert. Dann erfolgt der Zeltaufbau, das Abstellen des kompletten Gel\u00e4ndes mit den Palisadenw\u00e4nden, Installation der Beleuchtung usw. Wesentlicher Punkt eines jeden Aufbaus ist das Hinzuf\u00fcgen von \u201efrischem\u201c Sand f\u00fcr den Platz und das Sanden des Party-Gel\u00e4ndes. Somit kann richtiges Strandgef\u00fchl f\u00fcr die teilweise weit angereisten Besucher aufkommen, denn jeder soll sich beim TVT wohlf\u00fchlen.<\/p>\n<p>Es ist seit Jahren eine Freude, dass sich in dieser entscheidenden Woche vor dem Turnier Gesichter der ersten Stunde, sowie andere Mitglieder und Freunde des TVT&#8217;s &#8211; der gr\u00f6\u00dfte Teil aus dem Kreise der \u201eAlten-Herren-Mannschaft\u201c &#8211; zusammenfinden. Hier wird das Zelt aufgebaut, geschippt, gerecht, geh\u00e4mmert, Bier geholt, Pizza bestellt &#8230;. kurz gesagt: Jeder, der Zeit hat, kommt zum Beachplatz, packt an und f\u00fchlt sich verantwortlich. Das alles, ohne gro\u00dfes Bitten oder \u00f6ffentliche Aufrufe, einfach nur, \u00a0weil sich jeder verantwortlich f\u00fchlt und froh ist, seinen Beitrag an einem erfolgreichen Fest f\u00fcr den Verein leisten zu k\u00f6nnen.<\/p>\n<p>Nach dem Turnier &#8211; bereits am Sonntagabend, wird mit den ersten Aufr\u00e4umarbeiten begonnen.<\/p>\n<p>Traditionell treffen sich dann die \u201eBeachsoccer-Montagsurlauber\u201c Thorsten Walter, Peter Hensel und Michael Kertels, um mit den nach und nach eintreffenden berufst\u00e4tigen Helfern bis in die sp\u00e4ten Nachmittagsstunden den kompletten Abbau zu managen. Zum Abschluss dieses Tages sitzt man bei einem Bierchen \/ einer Cola zusammen und st\u00f6\u00dft\u00a0 ersch\u00f6pft auf ein erfolgreiches Wochenende f\u00fcr den TVT an. Nat\u00fcrlich nicht, ohne die ersten Ideen und \u00c4nderungen f\u00fcrs n\u00e4chste Jahr auszutauschen, denn das n\u00e4chste Jahr muss noch besser werden&#8230;..<\/p>\n<p>Keine Vereinsaktivit\u00e4t ohne Unterst\u00fctzung: \u00a0stellvertretend f\u00fcr alle Unterst\u00fctzer sei an dieser Stelle der Firma Seliger und der Familie Gellert sowie der Licher Brauerei gedankt, die uns seit Beginn dieser verr\u00fcckten Idee Jahr f\u00fcr Jahr zur Seite stehen.<\/p>\n","protected":false},"excerpt":{"rendered":"<p>Um dem TV 1912 Trais-Horloff neue Impulse zu verleihen und um f\u00fcr die Mitglieder und die Bev\u00f6lkerung als Verein weiterhin attraktiv zu bleiben, waren zu Begin des neuen Jahrhunderts innovative Ideen gefragt. Es war der damalige Pr\u00e4sidiumssprecher Michael Kertels, der nach anf\u00e4nglicher Skepsis seiner Vorstandsmitglieder \u00a0im Jahr 2003 ein Team \u00fcberzeugen konnte, seine \u201eVision\u201c eines [&hellip;]<\/p>\n","protected":false},"author":1,"featured_media":0,"parent":0,"menu_order":1,"comment_status":"closed","ping_status":"closed","template":"","meta":{"ngg_post_thumbnail":0,"footnotes":""},"class_list":["post-48","page","type-page","status-publish","hentry"],"_links":{"self":[{"href":"https:\/\/www.tv-trais-horloff.de\/index.php?rest_route=\/wp\/v2\/pages\/48","targetHints":{"allow":["GET"]}}],"collection":[{"href":"https:\/\/www.tv-trais-horloff.de\/index.php?rest_route=\/wp\/v2\/pages"}],"about":[{"href":"https:\/\/www.tv-trais-horloff.de\/index.php?rest_route=\/wp\/v2\/types\/page"}],"author":[{"embeddable":true,"href":"https:\/\/www.tv-trais-horloff.de\/index.php?rest_route=\/wp\/v2\/users\/1"}],"replies":[{"embeddable":true,"href":"https:\/\/www.tv-trais-horloff.de\/index.php?rest_route=%2Fwp%2Fv2%2Fcomments&post=48"}],"version-history":[{"count":3,"href":"https:\/\/www.tv-trais-horloff.de\/index.php?rest_route=\/wp\/v2\/pages\/48\/revisions"}],"predecessor-version":[{"id":74,"href":"https:\/\/www.tv-trais-horloff.de\/index.php?rest_route=\/wp\/v2\/pages\/48\/revisions\/74"}],"wp:attachment":[{"href":"https:\/\/www.tv-trais-horloff.de\/index.php?rest_route=%2Fwp%2Fv2%2Fmedia&parent=48"}],"curies":[{"name":"wp","href":"https:\/\/api.w.org\/{rel}","templated":true}]}}